{"id":4595,"date":"2019-06-13T12:14:23","date_gmt":"2019-06-13T10:14:23","guid":{"rendered":"http:\/\/www.carbonclean.de\/unternehmen\/geschaeftsleitung\/"},"modified":"2024-09-30T16:17:49","modified_gmt":"2024-09-30T14:17:49","slug":"team-en","status":"publish","type":"page","link":"https:\/\/www.carbonclean.de\/en\/company\/team-en\/","title":{"rendered":"Team"},"content":{"rendered":"<div class=\"wpb-content-wrapper\"><p>[vc_row][vc_column][vc_row_inner][vc_column_inner width=&#8221;1\/2&#8243;]\r\n\t\t\t\t<div class=\"eut-team eut-element eut-layout-1\" style=\"\">\r\n\t\t\t<figure class=\"eut-image-hover eut-zoom-none\">\r\n\t\t\t\t\t\t\t\t<div class=\"eut-team-person\">\r\n\t\t\t\t\t<div class=\"eut-bg-light eut-hover-overlay eut-opacity-0\"><\/div>\r\n\t\t\t\t\t<img loading=\"lazy\" decoding=\"async\" width=\"1000\" height=\"1000\" src=\"https:\/\/www.carbonclean.de\/wp-content\/uploads\/Lars-Zoellner-2.jpg\" class=\"attachment-full size-full\" alt=\"Lars Zoellner\" srcset=\"https:\/\/www.carbonclean.de\/wp-content\/uploads\/Lars-Zoellner-2.jpg 1000w, https:\/\/www.carbonclean.de\/wp-content\/uploads\/Lars-Zoellner-2-300x300.jpg 300w, https:\/\/www.carbonclean.de\/wp-content\/uploads\/Lars-Zoellner-2-150x150.jpg 150w, https:\/\/www.carbonclean.de\/wp-content\/uploads\/Lars-Zoellner-2-768x768.jpg 768w, https:\/\/www.carbonclean.de\/wp-content\/uploads\/Lars-Zoellner-2-560x560.jpg 560w, https:\/\/www.carbonclean.de\/wp-content\/uploads\/Lars-Zoellner-2-900x900.jpg 900w\" sizes=\"auto, (max-width: 1000px) 100vw, 1000px\" \/>\t\t\t\t<\/div>\r\n\t\t\t\t<figcaption>\r\n\t\t\t\t\t<ul class=\"eut-team-social eut-align-center\">\r\n\t\t\t\t\t\t\t\t\t\t\t<\/ul>\r\n\t\t\t\t<\/figcaption>\r\n\t\t\t<\/figure>\r\n\t\t\t<div class=\"eut-team-description eut-align-center\">\r\n\t\t\t\t\t\t\t\t\t\t\t\t<h3 class=\"eut-team-name eut-text-hover-primary-1 eut-h3\"><\/h3>\r\n\t\t\t\t\t\t\t<\/div>\r\n\t\t<\/div>\r\n\t\t\r\n\t\t[\/vc_column_inner][vc_column_inner width=&#8221;1\/2&#8243;][vc_column_text]<\/p>\n<h4>Lars Zoellner<\/h4>\n<p><strong>Chief Executive Officer<\/strong><\/p>\n<p>Lars is a proven manager, investor and board member. He was formerly the CEO of Gaia Capital GmbH, the management company of a private equity fund. He subsequently led the acquisition of the management company and portfolio through an MBO, acting as Managing Partner until 2013. During this time, Lars oversaw the successful exit of the fund from 5 portfolio companies.<\/p>\n<p>Lars is a graduate in Business Administration (Dipl. Kfm., Economics) from Westf\u00e4lische Wilhelms-Universit\u00e4t M\u00fcnster and graduated from the Advanced Management Program from IESE Business School in 2007.<\/p>\n<p>[\/vc_column_text][\/vc_column_inner][\/vc_row_inner]<div class=\"eut-element eut-divider\" style=\"padding-top: 50px;padding-bottom: 80px;\"><div class=\"eut-line-divider eut-border\"><\/div><\/div>[vc_row_inner][vc_column_inner width=&#8221;1\/2&#8243;][vc_column_text]<\/p>\n<h4>Dr. Robert Pfab<\/h4>\n<p><strong>Chief Operating Officer<\/strong><\/p>\n<p>Robert is an experienced technologist with a passion for entrepreneurial start-ups. Robert has previously worked with Emerald Technology Ventures, the UK Science and Technology Facilities Council and the Boston Consulting Group.<\/p>\n<p>Robert is a graduate of Cambridge University, holds a doctorate from the ETH Zurich in Physical Chemistry, and an MBA from the IESE Business School.[\/vc_column_text][\/vc_column_inner][vc_column_inner width=&#8221;1\/2&#8243;]\r\n\t\t\t\t<div class=\"eut-team eut-element eut-layout-1\" style=\"\">\r\n\t\t\t<figure class=\"eut-image-hover eut-zoom-none\">\r\n\t\t\t\t\t\t\t\t<div class=\"eut-team-person\">\r\n\t\t\t\t\t<div class=\"eut-bg-light eut-hover-overlay eut-opacity-0\"><\/div>\r\n\t\t\t\t\t<img loading=\"lazy\" decoding=\"async\" width=\"1000\" height=\"1000\" src=\"https:\/\/www.carbonclean.de\/wp-content\/uploads\/Robert-Pfab-2.jpg\" class=\"attachment-full size-full\" alt=\"Dr. Robert Pfab\" srcset=\"https:\/\/www.carbonclean.de\/wp-content\/uploads\/Robert-Pfab-2.jpg 1000w, https:\/\/www.carbonclean.de\/wp-content\/uploads\/Robert-Pfab-2-300x300.jpg 300w, https:\/\/www.carbonclean.de\/wp-content\/uploads\/Robert-Pfab-2-150x150.jpg 150w, https:\/\/www.carbonclean.de\/wp-content\/uploads\/Robert-Pfab-2-768x768.jpg 768w, https:\/\/www.carbonclean.de\/wp-content\/uploads\/Robert-Pfab-2-560x560.jpg 560w, https:\/\/www.carbonclean.de\/wp-content\/uploads\/Robert-Pfab-2-900x900.jpg 900w\" sizes=\"auto, (max-width: 1000px) 100vw, 1000px\" \/>\t\t\t\t<\/div>\r\n\t\t\t\t<figcaption>\r\n\t\t\t\t\t<ul class=\"eut-team-social eut-align-center\">\r\n\t\t\t\t\t\t<li><a href=\"https:\/\/de.linkedin.com\/in\/robertpfab\" target=\"_blank\" rel=\"noopener noreferrer\" class=\"eut-text-hover-primary-1 eut-bg-white\"><i class=\"fa fa-linkedin\"><\/i><\/a><\/li>\t\t\t\t\t<\/ul>\r\n\t\t\t\t<\/figcaption>\r\n\t\t\t<\/figure>\r\n\t\t\t<div class=\"eut-team-description eut-align-center\">\r\n\t\t\t\t\t\t\t\t\t\t\t\t<h3 class=\"eut-team-name eut-text-hover-primary-1 eut-h3\"><\/h3>\r\n\t\t\t\t\t\t\t<\/div>\r\n\t\t<\/div>\r\n\t\t\r\n\t\t[\/vc_column_inner][\/vc_row_inner]<div class=\"eut-element eut-divider\" style=\"padding-top: 50px;padding-bottom: 80px;\"><div class=\"eut-line-divider eut-border\"><\/div><\/div>[vc_row_inner][vc_column_inner width=&#8221;1\/2&#8243;]\r\n\t\t\t\t<div class=\"eut-team eut-element eut-layout-1\" style=\"\">\r\n\t\t\t<figure class=\"eut-image-hover eut-zoom-none\">\r\n\t\t\t\t\t\t\t\t<div class=\"eut-team-person\">\r\n\t\t\t\t\t<div class=\"eut-bg-light eut-hover-overlay eut-opacity-0\"><\/div>\r\n\t\t\t\t\t<img loading=\"lazy\" decoding=\"async\" width=\"1000\" height=\"1000\" src=\"https:\/\/www.carbonclean.de\/wp-content\/uploads\/Carmen-Fey-2.jpg\" class=\"attachment-full size-full\" alt=\"Carmen Fey\" srcset=\"https:\/\/www.carbonclean.de\/wp-content\/uploads\/Carmen-Fey-2.jpg 1000w, https:\/\/www.carbonclean.de\/wp-content\/uploads\/Carmen-Fey-2-300x300.jpg 300w, https:\/\/www.carbonclean.de\/wp-content\/uploads\/Carmen-Fey-2-150x150.jpg 150w, https:\/\/www.carbonclean.de\/wp-content\/uploads\/Carmen-Fey-2-768x768.jpg 768w, https:\/\/www.carbonclean.de\/wp-content\/uploads\/Carmen-Fey-2-560x560.jpg 560w, https:\/\/www.carbonclean.de\/wp-content\/uploads\/Carmen-Fey-2-900x900.jpg 900w\" sizes=\"auto, (max-width: 1000px) 100vw, 1000px\" \/>\t\t\t\t<\/div>\r\n\t\t\t\t<figcaption>\r\n\t\t\t\t\t<ul class=\"eut-team-social eut-align-center\">\r\n\t\t\t\t\t\t\t\t\t\t\t<\/ul>\r\n\t\t\t\t<\/figcaption>\r\n\t\t\t<\/figure>\r\n\t\t\t<div class=\"eut-team-description eut-align-center\">\r\n\t\t\t\t\t\t\t\t\t\t\t\t<h3 class=\"eut-team-name eut-text-hover-primary-1 eut-h3\"><\/h3>\r\n\t\t\t\t\t\t\t<\/div>\r\n\t\t<\/div>\r\n\t\t\r\n\t\t[\/vc_column_inner][vc_column_inner width=&#8221;1\/2&#8243;][vc_column_text]<\/p>\n<h4>Carmen Fey<\/h4>\n<p><strong>Office manager<\/strong><\/p>\n<p>Carmen is the office manager and supports the carbonclean team in all administrative and organisational tasks.[\/vc_column_text][\/vc_column_inner][\/vc_row_inner][\/vc_column][\/vc_row]<\/p>\n<\/div>","protected":false},"excerpt":{"rendered":"<p>[vc_row][vc_column][vc_row_inner][vc_column_inner width=&#8221;1\/2&#8243;][\/vc_column_inner][vc_column_inner width=&#8221;1\/2&#8243;][vc_column_text] Lars Zoellner Chief Executive Officer Lars is a proven manager, investor and board member. He was formerly the CEO of Gaia Capital GmbH, the management company of a private equity fund. He subsequently led the acquisition of the management company and portfolio through an MBO, acting as Managing Partner until 2013. During [&hellip;]<\/p>\n","protected":false},"author":1,"featured_media":4541,"parent":4594,"menu_order":19,"comment_status":"closed","ping_status":"closed","template":"","meta":{"footnotes":""},"class_list":["post-4595","page","type-page","status-publish","has-post-thumbnail","hentry"],"yoast_head":"<!-- This site is optimized with the Yoast SEO plugin v27.3 - https:\/\/yoast.com\/product\/yoast-seo-wordpress\/ -->\n<title>Team - carbonclean technologies GmbH<\/title>\n<meta name=\"robots\" content=\"index, follow, max-snippet:-1, max-image-preview:large, max-video-preview:-1\" \/>\n<link rel=\"canonical\" href=\"https:\/\/www.carbonclean.de\/en\/company\/team-en\/\" \/>\n<meta property=\"og:locale\" content=\"en_US\" \/>\n<meta property=\"og:type\" content=\"article\" \/>\n<meta property=\"og:title\" content=\"Team - carbonclean technologies GmbH\" \/>\n<meta property=\"og:description\" content=\"[vc_row][vc_column][vc_row_inner][vc_column_inner width=&#8221;1\/2&#8243;][\/vc_column_inner][vc_column_inner width=&#8221;1\/2&#8243;][vc_column_text] Lars Zoellner Chief Executive Officer Lars is a proven manager, investor and board member. He was formerly the CEO of Gaia Capital GmbH, the management company of a private equity fund. He subsequently led the acquisition of the management company and portfolio through an MBO, acting as Managing Partner until 2013. During [&hellip;]\" \/>\n<meta property=\"og:url\" content=\"https:\/\/www.carbonclean.de\/en\/company\/team-en\/\" \/>\n<meta property=\"og:site_name\" content=\"carbonclean technologies GmbH\" \/>\n<meta property=\"article:modified_time\" content=\"2024-09-30T14:17:49+00:00\" \/>\n<meta property=\"og:image\" content=\"https:\/\/www.carbonclean.de\/wp-content\/uploads\/visual_unternehmen.jpg\" \/>\n\t<meta property=\"og:image:width\" content=\"1920\" \/>\n\t<meta property=\"og:image:height\" content=\"650\" \/>\n\t<meta property=\"og:image:type\" content=\"image\/jpeg\" \/>\n<meta name=\"twitter:card\" content=\"summary_large_image\" \/>\n<meta name=\"twitter:label1\" content=\"Est. reading time\" \/>\n\t<meta name=\"twitter:data1\" content=\"2 minutes\" \/>\n<script type=\"application\/ld+json\" class=\"yoast-schema-graph\">{\"@context\":\"https:\\\/\\\/schema.org\",\"@graph\":[{\"@type\":\"WebPage\",\"@id\":\"https:\\\/\\\/www.carbonclean.de\\\/en\\\/company\\\/team-en\\\/\",\"url\":\"https:\\\/\\\/www.carbonclean.de\\\/en\\\/company\\\/team-en\\\/\",\"name\":\"Team - carbonclean technologies GmbH\",\"isPartOf\":{\"@id\":\"https:\\\/\\\/www.carbonclean.de\\\/#website\"},\"primaryImageOfPage\":{\"@id\":\"https:\\\/\\\/www.carbonclean.de\\\/en\\\/company\\\/team-en\\\/#primaryimage\"},\"image\":{\"@id\":\"https:\\\/\\\/www.carbonclean.de\\\/en\\\/company\\\/team-en\\\/#primaryimage\"},\"thumbnailUrl\":\"https:\\\/\\\/www.carbonclean.de\\\/wp-content\\\/uploads\\\/visual_unternehmen.jpg\",\"datePublished\":\"2019-06-13T10:14:23+00:00\",\"dateModified\":\"2024-09-30T14:17:49+00:00\",\"breadcrumb\":{\"@id\":\"https:\\\/\\\/www.carbonclean.de\\\/en\\\/company\\\/team-en\\\/#breadcrumb\"},\"inLanguage\":\"en-US\",\"potentialAction\":[{\"@type\":\"ReadAction\",\"target\":[\"https:\\\/\\\/www.carbonclean.de\\\/en\\\/company\\\/team-en\\\/\"]}]},{\"@type\":\"ImageObject\",\"inLanguage\":\"en-US\",\"@id\":\"https:\\\/\\\/www.carbonclean.de\\\/en\\\/company\\\/team-en\\\/#primaryimage\",\"url\":\"https:\\\/\\\/www.carbonclean.de\\\/wp-content\\\/uploads\\\/visual_unternehmen.jpg\",\"contentUrl\":\"https:\\\/\\\/www.carbonclean.de\\\/wp-content\\\/uploads\\\/visual_unternehmen.jpg\",\"width\":1920,\"height\":650},{\"@type\":\"BreadcrumbList\",\"@id\":\"https:\\\/\\\/www.carbonclean.de\\\/en\\\/company\\\/team-en\\\/#breadcrumb\",\"itemListElement\":[{\"@type\":\"ListItem\",\"position\":1,\"name\":\"Startseite\",\"item\":\"https:\\\/\\\/www.carbonclean.de\\\/en\\\/\"},{\"@type\":\"ListItem\",\"position\":2,\"name\":\"Company\",\"item\":\"https:\\\/\\\/www.carbonclean.de\\\/en\\\/company\\\/\"},{\"@type\":\"ListItem\",\"position\":3,\"name\":\"Team\"}]},{\"@type\":\"WebSite\",\"@id\":\"https:\\\/\\\/www.carbonclean.de\\\/#website\",\"url\":\"https:\\\/\\\/www.carbonclean.de\\\/\",\"name\":\"carbonclean technologies GmbH\",\"description\":\"\",\"potentialAction\":[{\"@type\":\"SearchAction\",\"target\":{\"@type\":\"EntryPoint\",\"urlTemplate\":\"https:\\\/\\\/www.carbonclean.de\\\/?s={search_term_string}\"},\"query-input\":{\"@type\":\"PropertyValueSpecification\",\"valueRequired\":true,\"valueName\":\"search_term_string\"}}],\"inLanguage\":\"en-US\"}]}<\/script>\n<!-- \/ Yoast SEO plugin. -->","yoast_head_json":{"title":"Team - carbonclean technologies GmbH","robots":{"index":"index","follow":"follow","max-snippet":"max-snippet:-1","max-image-preview":"max-image-preview:large","max-video-preview":"max-video-preview:-1"},"canonical":"https:\/\/www.carbonclean.de\/en\/company\/team-en\/","og_locale":"en_US","og_type":"article","og_title":"Team - carbonclean technologies GmbH","og_description":"[vc_row][vc_column][vc_row_inner][vc_column_inner width=&#8221;1\/2&#8243;][\/vc_column_inner][vc_column_inner width=&#8221;1\/2&#8243;][vc_column_text] Lars Zoellner Chief Executive Officer Lars is a proven manager, investor and board member. He was formerly the CEO of Gaia Capital GmbH, the management company of a private equity fund. He subsequently led the acquisition of the management company and portfolio through an MBO, acting as Managing Partner until 2013. During [&hellip;]","og_url":"https:\/\/www.carbonclean.de\/en\/company\/team-en\/","og_site_name":"carbonclean technologies GmbH","article_modified_time":"2024-09-30T14:17:49+00:00","og_image":[{"width":1920,"height":650,"url":"https:\/\/www.carbonclean.de\/wp-content\/uploads\/visual_unternehmen.jpg","type":"image\/jpeg"}],"twitter_card":"summary_large_image","twitter_misc":{"Est. reading time":"2 minutes"},"schema":{"@context":"https:\/\/schema.org","@graph":[{"@type":"WebPage","@id":"https:\/\/www.carbonclean.de\/en\/company\/team-en\/","url":"https:\/\/www.carbonclean.de\/en\/company\/team-en\/","name":"Team - carbonclean technologies GmbH","isPartOf":{"@id":"https:\/\/www.carbonclean.de\/#website"},"primaryImageOfPage":{"@id":"https:\/\/www.carbonclean.de\/en\/company\/team-en\/#primaryimage"},"image":{"@id":"https:\/\/www.carbonclean.de\/en\/company\/team-en\/#primaryimage"},"thumbnailUrl":"https:\/\/www.carbonclean.de\/wp-content\/uploads\/visual_unternehmen.jpg","datePublished":"2019-06-13T10:14:23+00:00","dateModified":"2024-09-30T14:17:49+00:00","breadcrumb":{"@id":"https:\/\/www.carbonclean.de\/en\/company\/team-en\/#breadcrumb"},"inLanguage":"en-US","potentialAction":[{"@type":"ReadAction","target":["https:\/\/www.carbonclean.de\/en\/company\/team-en\/"]}]},{"@type":"ImageObject","inLanguage":"en-US","@id":"https:\/\/www.carbonclean.de\/en\/company\/team-en\/#primaryimage","url":"https:\/\/www.carbonclean.de\/wp-content\/uploads\/visual_unternehmen.jpg","contentUrl":"https:\/\/www.carbonclean.de\/wp-content\/uploads\/visual_unternehmen.jpg","width":1920,"height":650},{"@type":"BreadcrumbList","@id":"https:\/\/www.carbonclean.de\/en\/company\/team-en\/#breadcrumb","itemListElement":[{"@type":"ListItem","position":1,"name":"Startseite","item":"https:\/\/www.carbonclean.de\/en\/"},{"@type":"ListItem","position":2,"name":"Company","item":"https:\/\/www.carbonclean.de\/en\/company\/"},{"@type":"ListItem","position":3,"name":"Team"}]},{"@type":"WebSite","@id":"https:\/\/www.carbonclean.de\/#website","url":"https:\/\/www.carbonclean.de\/","name":"carbonclean technologies GmbH","description":"","potentialAction":[{"@type":"SearchAction","target":{"@type":"EntryPoint","urlTemplate":"https:\/\/www.carbonclean.de\/?s={search_term_string}"},"query-input":{"@type":"PropertyValueSpecification","valueRequired":true,"valueName":"search_term_string"}}],"inLanguage":"en-US"}]}},"_links":{"self":[{"href":"https:\/\/www.carbonclean.de\/en\/wp-json\/wp\/v2\/pages\/4595","targetHints":{"allow":["GET"]}}],"collection":[{"href":"https:\/\/www.carbonclean.de\/en\/wp-json\/wp\/v2\/pages"}],"about":[{"href":"https:\/\/www.carbonclean.de\/en\/wp-json\/wp\/v2\/types\/page"}],"author":[{"embeddable":true,"href":"https:\/\/www.carbonclean.de\/en\/wp-json\/wp\/v2\/users\/1"}],"replies":[{"embeddable":true,"href":"https:\/\/www.carbonclean.de\/en\/wp-json\/wp\/v2\/comments?post=4595"}],"version-history":[{"count":19,"href":"https:\/\/www.carbonclean.de\/en\/wp-json\/wp\/v2\/pages\/4595\/revisions"}],"predecessor-version":[{"id":5521,"href":"https:\/\/www.carbonclean.de\/en\/wp-json\/wp\/v2\/pages\/4595\/revisions\/5521"}],"up":[{"embeddable":true,"href":"https:\/\/www.carbonclean.de\/en\/wp-json\/wp\/v2\/pages\/4594"}],"wp:featuredmedia":[{"embeddable":true,"href":"https:\/\/www.carbonclean.de\/en\/wp-json\/wp\/v2\/media\/4541"}],"wp:attachment":[{"href":"https:\/\/www.carbonclean.de\/en\/wp-json\/wp\/v2\/media?parent=4595"}],"curies":[{"name":"wp","href":"https:\/\/api.w.org\/{rel}","templated":true}]}}